{"id":141,"date":"2021-09-23T18:34:19","date_gmt":"2021-09-23T16:34:19","guid":{"rendered":"https:\/\/petitcuenot.fr\/constance\/?page_id=141"},"modified":"2022-01-16T14:08:59","modified_gmt":"2022-01-16T13:08:59","slug":"les-massages","status":"publish","type":"page","link":"https:\/\/petitcuenot.fr\/constance\/?page_id=141","title":{"rendered":"Les massages"},"content":{"rendered":"\n<p>Ici vous est propos\u00e9 un large choix de massages bien-\u00eatre et beaut\u00e9 destin\u00e9 \u00e0 un publique adulte. Lors d\u2019une s\u00e9ance, il faut pr\u00e9voir environ 30&nbsp; minutes en plus du temps de massage. Ce temps suppl\u00e9ment comprend un petit entretien en d\u00e9but de s\u00e9ance afin d\u2019adapter le massage \u00e0 vos envies et vos besoins ainsi que le temps d\u2019installation et de rangement.&nbsp;<\/p>\n\n\n\n<p>Il est possible de r\u00e9aliser un suivi lympho-drainant et\/ou anti cellulite sur plusieurs s\u00e9ances. La fr\u00e9quence et le nombre de s\u00e9ances s\u2019adaptent \u00e0 vos attentes et vos besoins en d\u00e9but de suivi. Selon l\u2019\u00e9volution des r\u00e9sultats, cela peut aussi \u00eatre r\u00e9ajust\u00e9.&nbsp;<\/p>\n\n\n\n<p>Les services propos\u00e9s ne sont en aucun cas \u00e0 caract\u00e8re sexuel ou \u00e9rotique. Ces comportements exposent \u00e0 un d\u00e9p\u00f4t de plainte.<\/p>\n\n\n\n<p>Hawa\u00efen &#8211; Lomi Lomi Nui (1h \u00e0 2h)&nbsp;<\/p>\n\n\n\n<div class=\"wp-block-media-text alignwide is-stacked-on-mobile is-vertically-aligned-center\"><figure class=\"wp-block-media-text__media\"><img loading=\"lazy\" width=\"1024\" height=\"852\" src=\"https:\/\/petitcuenot.fr\/constance\/wp-content\/uploads\/2021\/10\/IMG_3623-1-1024x852.jpg\" alt=\"\" class=\"wp-image-245 size-full\" srcset=\"https:\/\/petitcuenot.fr\/constance\/wp-content\/uploads\/2021\/10\/IMG_3623-1-1024x852.jpg 1024w, https:\/\/petitcuenot.fr\/constance\/wp-content\/uploads\/2021\/10\/IMG_3623-1-300x250.jpg 300w, https:\/\/petitcuenot.fr\/constance\/wp-content\/uploads\/2021\/10\/IMG_3623-1-768x639.jpg 768w, https:\/\/petitcuenot.fr\/constance\/wp-content\/uploads\/2021\/10\/IMG_3623-1-1536x1278.jpg 1536w, https:\/\/petitcuenot.fr\/constance\/wp-content\/uploads\/2021\/10\/IMG_3623-1-2048x1704.jpg 2048w\" sizes=\"(max-width: 767px) 89vw, (max-width: 1000px) 54vw, (max-width: 1071px) 543px, 580px\" \/><\/figure><div class=\"wp-block-media-text__content\">\n<h3>Laissez vous bercer par les vagues d&#8217;Hawa\u00ef. Avec les mains, les avant-bras et de l&#8217;huile, les mouvements  de ce massage ancestral permettent la d\u00e9contraction musculaire et le l\u00e2cher-prise \u00e9motionnel pour un moment unique. <\/h3>\n\n\n\n<p><\/p>\n<\/div><\/div>\n\n\n\n<p>Ayurv\u00e9dique (1h \u00e0 2h) <\/p>\n\n\n\n<div class=\"wp-block-media-text alignwide has-media-on-the-right is-stacked-on-mobile\" style=\"grid-template-columns:auto 49%\"><figure class=\"wp-block-media-text__media\"><img loading=\"lazy\" width=\"1024\" height=\"680\" src=\"https:\/\/petitcuenot.fr\/constance\/wp-content\/uploads\/2021\/10\/IMG_3608-3-1024x680.jpg\" alt=\"\" class=\"wp-image-248 size-full\" srcset=\"https:\/\/petitcuenot.fr\/constance\/wp-content\/uploads\/2021\/10\/IMG_3608-3-1024x680.jpg 1024w, https:\/\/petitcuenot.fr\/constance\/wp-content\/uploads\/2021\/10\/IMG_3608-3-300x199.jpg 300w, https:\/\/petitcuenot.fr\/constance\/wp-content\/uploads\/2021\/10\/IMG_3608-3-768x510.jpg 768w, https:\/\/petitcuenot.fr\/constance\/wp-content\/uploads\/2021\/10\/IMG_3608-3-1536x1021.jpg 1536w, https:\/\/petitcuenot.fr\/constance\/wp-content\/uploads\/2021\/10\/IMG_3608-3-2048x1361.jpg 2048w\" sizes=\"(max-width: 767px) 89vw, (max-width: 1000px) 54vw, (max-width: 1071px) 543px, 580px\" \/><\/figure><div class=\"wp-block-media-text__content\">\n<ul><li>Enveloppant ou plus a\u00e9rien, la pratique de ce massage \u00e9nerg\u00e9tique s\u2019adapte \u00e0 chacun selon les pr\u00e9f\u00e9rences et les besoins. Ses bienfaits sont multiples. Pratiqu\u00e9 sur le corps entier, y compris la t\u00eate, il tonifie les muscles et l&#8217;esprit, apaise le syst\u00e8me nerveux et les articulations par des mouvements circulaires.\u00a0<\/li><\/ul>\n<\/div><\/div>\n\n\n\n<p>Su\u00e9dois (1h \u00e0 2h) <\/p>\n\n\n\n<div class=\"wp-block-media-text alignwide is-stacked-on-mobile\"><figure class=\"wp-block-media-text__media\"><img loading=\"lazy\" width=\"1024\" height=\"680\" src=\"https:\/\/petitcuenot.fr\/constance\/wp-content\/uploads\/2021\/10\/IMG_3613-1-1024x680.jpg\" alt=\"\" class=\"wp-image-254 size-full\" srcset=\"https:\/\/petitcuenot.fr\/constance\/wp-content\/uploads\/2021\/10\/IMG_3613-1-1024x680.jpg 1024w, https:\/\/petitcuenot.fr\/constance\/wp-content\/uploads\/2021\/10\/IMG_3613-1-300x199.jpg 300w, https:\/\/petitcuenot.fr\/constance\/wp-content\/uploads\/2021\/10\/IMG_3613-1-768x510.jpg 768w, https:\/\/petitcuenot.fr\/constance\/wp-content\/uploads\/2021\/10\/IMG_3613-1-1536x1021.jpg 1536w, https:\/\/petitcuenot.fr\/constance\/wp-content\/uploads\/2021\/10\/IMG_3613-1-2048x1361.jpg 2048w\" sizes=\"(max-width: 767px) 89vw, (max-width: 1000px) 54vw, (max-width: 1071px) 543px, 580px\" \/><\/figure><div class=\"wp-block-media-text__content\">\n<ul><li>Tr\u00e8s appr\u00e9ci\u00e9 des sportifs notamment pour l\u2019oxyg\u00e9nation des tissus et l\u2019\u00e9limination des toxines, la pratique de ce massage est toute aussi b\u00e9n\u00e9fiques pour les personnes plus s\u00e9dentaires. Il apporte aussi \u00e9quilibre aux syst\u00e8mes nerveux et endocrinien, d\u00e9contraction du corps et aide \u00e0 r\u00e9duire les crampes, les tensions et les spasmes pour une peau velout\u00e9 et \u00e9lastique.\u00a0<\/li><\/ul>\n<\/div><\/div>\n\n\n\n<p>Termale Italien (1h30)<\/p>\n\n\n\n<div class=\"wp-block-media-text alignwide has-media-on-the-right is-stacked-on-mobile\" style=\"grid-template-columns:auto 49%\"><figure class=\"wp-block-media-text__media\"><img loading=\"lazy\" width=\"1024\" height=\"680\" src=\"https:\/\/petitcuenot.fr\/constance\/wp-content\/uploads\/2021\/10\/IMG_3640-1-1024x680.jpg\" alt=\"\" class=\"wp-image-249 size-full\" srcset=\"https:\/\/petitcuenot.fr\/constance\/wp-content\/uploads\/2021\/10\/IMG_3640-1-1024x680.jpg 1024w, https:\/\/petitcuenot.fr\/constance\/wp-content\/uploads\/2021\/10\/IMG_3640-1-300x199.jpg 300w, https:\/\/petitcuenot.fr\/constance\/wp-content\/uploads\/2021\/10\/IMG_3640-1-768x510.jpg 768w, https:\/\/petitcuenot.fr\/constance\/wp-content\/uploads\/2021\/10\/IMG_3640-1-1536x1021.jpg 1536w, https:\/\/petitcuenot.fr\/constance\/wp-content\/uploads\/2021\/10\/IMG_3640-1-2048x1361.jpg 2048w\" sizes=\"(max-width: 767px) 89vw, (max-width: 1000px) 54vw, (max-width: 1071px) 543px, 580px\" \/><\/figure><div class=\"wp-block-media-text__content\">\n<p>Ce rituel ancestral de beaut\u00e9 \u00e0 base de riz, de miel, de gingembre, d&#8217;Aloe Vera et d&#8217;huile d&#8217;amende douce vient des thermes de la Rome Antique. La peau est gomm\u00e9e, liss\u00e9e, raffermie, lumineuse, souple et douce des pieds aux \u00e9paules pour un moment de pure d\u00e9tente.<\/p>\n<\/div><\/div>\n\n\n\n<p>Lympho-drainant (1h \u00e0 2h) <\/p>\n\n\n\n<div class=\"wp-block-media-text alignwide is-stacked-on-mobile\" style=\"grid-template-columns:51% auto\"><figure class=\"wp-block-media-text__media\"><img loading=\"lazy\" width=\"1024\" height=\"808\" src=\"https:\/\/petitcuenot.fr\/constance\/wp-content\/uploads\/2021\/10\/IMG_3657-1024x808.jpg\" alt=\"\" class=\"wp-image-264 size-full\" srcset=\"https:\/\/petitcuenot.fr\/constance\/wp-content\/uploads\/2021\/10\/IMG_3657-1024x808.jpg 1024w, https:\/\/petitcuenot.fr\/constance\/wp-content\/uploads\/2021\/10\/IMG_3657-300x237.jpg 300w, https:\/\/petitcuenot.fr\/constance\/wp-content\/uploads\/2021\/10\/IMG_3657-768x606.jpg 768w, https:\/\/petitcuenot.fr\/constance\/wp-content\/uploads\/2021\/10\/IMG_3657-1536x1211.jpg 1536w, https:\/\/petitcuenot.fr\/constance\/wp-content\/uploads\/2021\/10\/IMG_3657-2048x1615.jpg 2048w\" sizes=\"(max-width: 767px) 89vw, (max-width: 1000px) 54vw, (max-width: 1071px) 543px, 580px\" \/><\/figure><div class=\"wp-block-media-text__content\">\n<p>Ce massage sans huile vient drainer la lymphe apportant relaxation et l\u00e9g\u00e8ret\u00e9 par des mouvements lents et superficiels. Il peut \u00eatre cibl\u00e9 sur le corps entier ou sur certaines zones. <\/p>\n<\/div><\/div>\n\n\n\n<p>Anti-cellulite (45 min)  <\/p>\n\n\n\n<div class=\"wp-block-media-text alignwide has-media-on-the-right is-stacked-on-mobile\" style=\"grid-template-columns:auto 49%\"><figure class=\"wp-block-media-text__media\"><img loading=\"lazy\" width=\"1024\" height=\"631\" src=\"https:\/\/petitcuenot.fr\/constance\/wp-content\/uploads\/2021\/10\/IMG_3618-2-1024x631.jpg\" alt=\"\" class=\"wp-image-262 size-full\" srcset=\"https:\/\/petitcuenot.fr\/constance\/wp-content\/uploads\/2021\/10\/IMG_3618-2-1024x631.jpg 1024w, https:\/\/petitcuenot.fr\/constance\/wp-content\/uploads\/2021\/10\/IMG_3618-2-300x185.jpg 300w, https:\/\/petitcuenot.fr\/constance\/wp-content\/uploads\/2021\/10\/IMG_3618-2-768x473.jpg 768w, https:\/\/petitcuenot.fr\/constance\/wp-content\/uploads\/2021\/10\/IMG_3618-2-1536x946.jpg 1536w, https:\/\/petitcuenot.fr\/constance\/wp-content\/uploads\/2021\/10\/IMG_3618-2-2048x1262.jpg 2048w\" sizes=\"(max-width: 767px) 89vw, (max-width: 1000px) 54vw, (max-width: 1071px) 543px, 580px\" \/><\/figure><div class=\"wp-block-media-text__content\">\n<p style=\"font-size:17px\">L&#8217;anti-cellulite est le massage minceur par excellence. La pratique de ce massage s\u2019accompagne d\u2019huile. Par des frictions, l\u2019afflux sanguin augmente et redonne \u00e9clat \u00e0 la peau, lui donnant un aspect plus lisse et moins peau d\u2019orange. En agissant sur les cuisses, les hanches et\/ou les bras, les manoeuvres de p\u00e9trissage viennent casser et d\u00e9loger les cellules graisseuses stock\u00e9es et drainer l\u2019eau en exc\u00e8s. La gestuelle appuy\u00e9e et localis\u00e9e sur les zones pr\u00e9cises, am\u00e9liore la fermet\u00e9 et l\u2019\u00e9lasticit\u00e9 de la peau pour des r\u00e9sultats visibles \u00e0 l\u2019\u0153il nu d\u00e8s la fin du massage.\u00a0 <\/p>\n<\/div><\/div>\n\n\n\n<p>Le massage chamanique amazone (1h \u00e0 1h30)<\/p>\n\n\n\n<div class=\"wp-block-media-text alignwide is-stacked-on-mobile\"><figure class=\"wp-block-media-text__media\"><img loading=\"lazy\" width=\"1024\" height=\"680\" src=\"https:\/\/petitcuenot.fr\/constance\/wp-content\/uploads\/2021\/10\/IMG_3610-1-1024x680.jpg\" alt=\"\" class=\"wp-image-265 size-full\" srcset=\"https:\/\/petitcuenot.fr\/constance\/wp-content\/uploads\/2021\/10\/IMG_3610-1-1024x680.jpg 1024w, https:\/\/petitcuenot.fr\/constance\/wp-content\/uploads\/2021\/10\/IMG_3610-1-300x199.jpg 300w, https:\/\/petitcuenot.fr\/constance\/wp-content\/uploads\/2021\/10\/IMG_3610-1-768x510.jpg 768w, https:\/\/petitcuenot.fr\/constance\/wp-content\/uploads\/2021\/10\/IMG_3610-1-1536x1021.jpg 1536w, https:\/\/petitcuenot.fr\/constance\/wp-content\/uploads\/2021\/10\/IMG_3610-1-2048x1361.jpg 2048w\" sizes=\"(max-width: 767px) 89vw, (max-width: 1000px) 54vw, (max-width: 1071px) 543px, 580px\" \/><\/figure><div class=\"wp-block-media-text__content\">\n<ul><li>Le massage Termale Italien nous plonge dans l\u2019univers des thermes de la Rome Antique. Les manoeuvres et les ingr\u00e9dients en font un massage relaxant et \u00e9tonnant offrant un soin \u00e0 la peau unique. Il est id\u00e9al avant et apr\u00e8s l\u2019\u00e9t\u00e9 pour prolonger le bronzage, pour redonner de l\u2019\u00e9clat aux tatouages ou simplement pour profiter d\u2019un moment de d\u00e9tente. Les mouvements effectu\u00e9s vont nettoyer, exfolier, nourrir, d\u00e9capitonner et hydrater la peau. Les bains romains et les odeurs, les vapeurs et les massages, tout ceci s\u2019inscrit dans une tradition de la Rome Antique \u00e0 base de riz, de miel, de gingembre, d\u2019Aloe Vera et d\u2019huile d\u2019amende douce. Exclusivit\u00e9 de la Colibri Massage Academy, ce massage est peu r\u00e9pandu en France.<\/li><\/ul>\n<\/div><\/div>\n\n\n\n<p><\/p>\n","protected":false},"excerpt":{"rendered":"<p>Ici vous est propos\u00e9 un large choix de massages bien-\u00eatre et beaut\u00e9 destin\u00e9 \u00e0 un publique adulte. Lors d\u2019une s\u00e9ance, il faut pr\u00e9voir environ 30&nbsp; minutes en plus du temps de massage. Ce temps suppl\u00e9ment comprend un petit entretien en d\u00e9but de s\u00e9ance afin d\u2019adapter le massage \u00e0 vos envies et vos besoins ainsi que &hellip; <\/p>\n<p class=\"link-more\"><a href=\"https:\/\/petitcuenot.fr\/constance\/?page_id=141\" class=\"more-link\">Continue reading<span class=\"screen-reader-text\"> &#8220;Les massages&#8221;<\/span><\/a><\/p>\n","protected":false},"author":1,"featured_media":0,"parent":0,"menu_order":0,"comment_status":"closed","ping_status":"closed","template":"","meta":[],"_links":{"self":[{"href":"https:\/\/petitcuenot.fr\/constance\/index.php?rest_route=\/wp\/v2\/pages\/141"}],"collection":[{"href":"https:\/\/petitcuenot.fr\/constance\/index.php?rest_route=\/wp\/v2\/pages"}],"about":[{"href":"https:\/\/petitcuenot.fr\/constance\/index.php?rest_route=\/wp\/v2\/types\/page"}],"author":[{"embeddable":true,"href":"https:\/\/petitcuenot.fr\/constance\/index.php?rest_route=\/wp\/v2\/users\/1"}],"replies":[{"embeddable":true,"href":"https:\/\/petitcuenot.fr\/constance\/index.php?rest_route=%2Fwp%2Fv2%2Fcomments&post=141"}],"version-history":[{"count":10,"href":"https:\/\/petitcuenot.fr\/constance\/index.php?rest_route=\/wp\/v2\/pages\/141\/revisions"}],"predecessor-version":[{"id":401,"href":"https:\/\/petitcuenot.fr\/constance\/index.php?rest_route=\/wp\/v2\/pages\/141\/revisions\/401"}],"wp:attachment":[{"href":"https:\/\/petitcuenot.fr\/constance\/index.php?rest_route=%2Fwp%2Fv2%2Fmedia&parent=141"}],"curies":[{"name":"wp","href":"https:\/\/api.w.org\/{rel}","templated":true}]}}