{"id":157,"date":"2021-10-06T11:05:00","date_gmt":"2021-10-06T09:05:00","guid":{"rendered":"https:\/\/petitcuenot.fr\/constance\/?page_id=157"},"modified":"2021-10-16T16:21:20","modified_gmt":"2021-10-16T14:21:20","slug":"prendre-un-rendez-vous","status":"publish","type":"page","link":"https:\/\/petitcuenot.fr\/constance\/?page_id=157","title":{"rendered":"Prendre un rendez-vous"},"content":{"rendered":"\n<p>(juste un clic sur page d&#8217;accueil pour directement prendre rendez vous) <\/p>\n\n\n\n<p>Tarifs <\/p>\n\n\n\n<p>1\u20ac la minute *        (*except\u00e9 le massage termale italien d&#8217;une dur\u00e9e de 1 heure 30 minutes pour 100\u20ac)<\/p>\n\n\n\n<p><\/p>\n\n\n\n<p><strong>choix du massage <\/strong> (avec palette de prix) -&gt; <strong>choix du temps<\/strong> avec prix (45&#8242; = 45\u20ac, 60&#8217;= 60 \u20ac, 90&#8242; = 90\u20ac, 120&#8217;=120\u20ac) -&gt; <strong>adresse<\/strong> (confirmation ou invalidation selon le p\u00e9rim\u00e8tre de travail) -&gt; <strong>choix du cr\u00e9neau horaire<\/strong> (mise \u00e0 disposition de l&#8217;agenda \u00e9lectronique \/ gestion des horaires ouvertes par administrateur \/ fermeture des cr\u00e9neaux pris \/ possibilit\u00e9 au client de choisir sur les places restantes) -&gt; <strong>questionnaire<\/strong> (faire signer une autorisation de partage de donn\u00e9es) -&gt; <strong>validation <\/strong>(activation d&#8217;un message automatique avec r\u00e9capitulatif de la r\u00e9servation \/ au moment de la validation et 1 jour avant la date du message \/ paiement sur place) <\/p>\n\n\n\n<p>paiement accept\u00e9 en esp\u00e8ces, virements bancaires, Lydia. <\/p>\n\n\n\n<p> Ayurv\u00e9dique (60&#8242;, 90&#8242;, 120&#8242;), Su\u00e9dois(60&#8242;, 90&#8242;, 120&#8242;), Lomi Lomi Nui (60&#8242;, 90&#8242;, 120&#8242;), <span class=\"has-inline-color has-vivid-purple-color\">Termale Italien ( 90&#8217;= 100\u20ac<\/span>), Lympho-drainant (60&#8242;, 90, 120&#8242;), Anticellulite (45&#8242;), massage personnalis\u00e9 (60&#8242;, 90&#8242;, 120&#8242;). <\/p>\n\n\n\n<p> <\/p>\n","protected":false},"excerpt":{"rendered":"<p>(juste un clic sur page d&#8217;accueil pour directement prendre rendez vous) Tarifs 1\u20ac la minute * (*except\u00e9 le massage termale italien d&#8217;une dur\u00e9e de 1 heure 30 minutes pour 100\u20ac) choix du massage (avec palette de prix) -&gt; choix du temps avec prix (45&#8242; = 45\u20ac, 60&#8217;= 60 \u20ac, 90&#8242; = 90\u20ac, 120&#8217;=120\u20ac) -&gt; adresse &hellip; <\/p>\n<p class=\"link-more\"><a href=\"https:\/\/petitcuenot.fr\/constance\/?page_id=157\" class=\"more-link\">Continue reading<span class=\"screen-reader-text\"> &#8220;Prendre un rendez-vous&#8221;<\/span><\/a><\/p>\n","protected":false},"author":1,"featured_media":0,"parent":0,"menu_order":0,"comment_status":"closed","ping_status":"closed","template":"","meta":[],"_links":{"self":[{"href":"https:\/\/petitcuenot.fr\/constance\/index.php?rest_route=\/wp\/v2\/pages\/157"}],"collection":[{"href":"https:\/\/petitcuenot.fr\/constance\/index.php?rest_route=\/wp\/v2\/pages"}],"about":[{"href":"https:\/\/petitcuenot.fr\/constance\/index.php?rest_route=\/wp\/v2\/types\/page"}],"author":[{"embeddable":true,"href":"https:\/\/petitcuenot.fr\/constance\/index.php?rest_route=\/wp\/v2\/users\/1"}],"replies":[{"embeddable":true,"href":"https:\/\/petitcuenot.fr\/constance\/index.php?rest_route=%2Fwp%2Fv2%2Fcomments&post=157"}],"version-history":[{"count":4,"href":"https:\/\/petitcuenot.fr\/constance\/index.php?rest_route=\/wp\/v2\/pages\/157\/revisions"}],"predecessor-version":[{"id":239,"href":"https:\/\/petitcuenot.fr\/constance\/index.php?rest_route=\/wp\/v2\/pages\/157\/revisions\/239"}],"wp:attachment":[{"href":"https:\/\/petitcuenot.fr\/constance\/index.php?rest_route=%2Fwp%2Fv2%2Fmedia&parent=157"}],"curies":[{"name":"wp","href":"https:\/\/api.w.org\/{rel}","templated":true}]}}