{"id":52,"date":"2021-09-11T14:19:40","date_gmt":"2021-09-11T12:19:40","guid":{"rendered":"http:\/\/petitcuenot.fr\/constance\/?page_id=52"},"modified":"2021-10-17T19:29:04","modified_gmt":"2021-10-17T17:29:04","slug":"a-domicile","status":"publish","type":"page","link":"https:\/\/petitcuenot.fr\/constance\/?page_id=52","title":{"rendered":"\u00c0 domicile"},"content":{"rendered":"\n<p>(photo de moi avec la valise et la table dehors)<\/p>\n\n\n\n<p class=\"has-text-align-center\">Je me d\u00e9place chez vous pour vous offrir le massage que vous souhaitez dans Lyon et son agglom\u00e9ration.&nbsp;J&#8217;apporte la table de massage, les serviettes, l&#8217;huile ainsi que les accessoires et\/ ou les ingr\u00e9dients n\u00e9cessaires au massage. <\/p>\n\n\n\n<div class=\"wp-block-image\"><figure class=\"aligncenter size-large is-resized\"><img loading=\"lazy\" src=\"https:\/\/petitcuenot.fr\/constance\/wp-content\/uploads\/2021\/10\/IMG_3636-1-670x1024.jpg\" alt=\"\" class=\"wp-image-273\" width=\"341\" height=\"521\" srcset=\"https:\/\/petitcuenot.fr\/constance\/wp-content\/uploads\/2021\/10\/IMG_3636-1-670x1024.jpg 670w, https:\/\/petitcuenot.fr\/constance\/wp-content\/uploads\/2021\/10\/IMG_3636-1-196x300.jpg 196w, https:\/\/petitcuenot.fr\/constance\/wp-content\/uploads\/2021\/10\/IMG_3636-1-768x1174.jpg 768w, https:\/\/petitcuenot.fr\/constance\/wp-content\/uploads\/2021\/10\/IMG_3636-1-1004x1536.jpg 1004w, https:\/\/petitcuenot.fr\/constance\/wp-content\/uploads\/2021\/10\/IMG_3636-1-1339x2048.jpg 1339w, https:\/\/petitcuenot.fr\/constance\/wp-content\/uploads\/2021\/10\/IMG_3636-1-scaled.jpg 1674w\" sizes=\"(max-width: 341px) 100vw, 341px\" \/><\/figure><\/div>\n\n\n\n<p><\/p>\n\n\n\n<p class=\"has-text-align-center\">Je vous conseille de choisir un espace dans lequel vous vous sentez le mieux chez vous. Cela peut \u00eatre le salon, la chambre, le bureau, &#8230; avec suffisamment de place pour la table de massage  et circuler autour. Vous pouvez, si vous le souhaitez, faire une ambiance &#8220;spa&#8221; selon vos go\u00fbts et ce que vous poss\u00e9dez d\u00e9j\u00e0. C&#8217;est votre moment et votre espace. <\/p>\n\n\n\n<p class=\"has-text-align-center\">Voici un plan d\u00e9taill\u00e9 de la zone dans laquelle je me d\u00e9place ci-dessous :<\/p>\n\n\n\n<p>(carte avec d\u00e9limitation de la zone d&#8217;activit\u00e9s)<\/p>\n","protected":false},"excerpt":{"rendered":"<p>(photo de moi avec la valise et la table dehors) Je me d\u00e9place chez vous pour vous offrir le massage que vous souhaitez dans Lyon et son agglom\u00e9ration.&nbsp;J&#8217;apporte la table de massage, les serviettes, l&#8217;huile ainsi que les accessoires et\/ ou les ingr\u00e9dients n\u00e9cessaires au massage. Je vous conseille de choisir un espace dans lequel &hellip; <\/p>\n<p class=\"link-more\"><a href=\"https:\/\/petitcuenot.fr\/constance\/?page_id=52\" class=\"more-link\">Continue reading<span class=\"screen-reader-text\"> &#8220;\u00c0 domicile&#8221;<\/span><\/a><\/p>\n","protected":false},"author":1,"featured_media":0,"parent":0,"menu_order":0,"comment_status":"closed","ping_status":"closed","template":"","meta":[],"_links":{"self":[{"href":"https:\/\/petitcuenot.fr\/constance\/index.php?rest_route=\/wp\/v2\/pages\/52"}],"collection":[{"href":"https:\/\/petitcuenot.fr\/constance\/index.php?rest_route=\/wp\/v2\/pages"}],"about":[{"href":"https:\/\/petitcuenot.fr\/constance\/index.php?rest_route=\/wp\/v2\/types\/page"}],"author":[{"embeddable":true,"href":"https:\/\/petitcuenot.fr\/constance\/index.php?rest_route=\/wp\/v2\/users\/1"}],"replies":[{"embeddable":true,"href":"https:\/\/petitcuenot.fr\/constance\/index.php?rest_route=%2Fwp%2Fv2%2Fcomments&post=52"}],"version-history":[{"count":6,"href":"https:\/\/petitcuenot.fr\/constance\/index.php?rest_route=\/wp\/v2\/pages\/52\/revisions"}],"predecessor-version":[{"id":283,"href":"https:\/\/petitcuenot.fr\/constance\/index.php?rest_route=\/wp\/v2\/pages\/52\/revisions\/283"}],"wp:attachment":[{"href":"https:\/\/petitcuenot.fr\/constance\/index.php?rest_route=%2Fwp%2Fv2%2Fmedia&parent=52"}],"curies":[{"name":"wp","href":"https:\/\/api.w.org\/{rel}","templated":true}]}}