{"id":53,"date":"2021-09-11T14:19:40","date_gmt":"2021-09-11T12:19:40","guid":{"rendered":"http:\/\/petitcuenot.fr\/constance\/?page_id=53"},"modified":"2021-10-23T18:47:37","modified_gmt":"2021-10-23T16:47:37","slug":"les-huiles","status":"publish","type":"page","link":"https:\/\/petitcuenot.fr\/constance\/?page_id=53","title":{"rendered":"Les huiles"},"content":{"rendered":"\n<p>Les huiles que j&#8217;utilise pour les massages sont d&#8217;origine v\u00e9g\u00e9tale et press\u00e9es \u00e0 froid. <\/p>\n\n\n\n<p>L&#8217;huile amande douce est facilement absorb\u00e9e par la peau et convient \u00e0 tous les types de peau, particuli\u00e8rement les peaux sensibles la rendant id\u00e9ale pour les massages. Compos\u00e9e principalement d&#8217;acides gras essentiels (om\u00e9gas 9 et 6), de vitamines (E et A) et de min\u00e9raux, cela conf\u00e8re \u00e0 cette huile v\u00e9g\u00e9tale ses propri\u00e9t\u00e9s assouplissante, antioxydante, r\u00e9g\u00e9n\u00e9rante, nourrissante, cicatrisante et restructurante.<\/p>\n\n\n\n<div class=\"wp-block-image\"><figure class=\"aligncenter size-large is-resized\"><img loading=\"lazy\" src=\"http:\/\/petitcuenot.fr\/constance\/wp-content\/uploads\/2021\/10\/IMG_3700-1024x1024.jpg\" alt=\"\" class=\"wp-image-307\" width=\"288\" height=\"288\" srcset=\"https:\/\/petitcuenot.fr\/constance\/wp-content\/uploads\/2021\/10\/IMG_3700-1024x1024.jpg 1024w, https:\/\/petitcuenot.fr\/constance\/wp-content\/uploads\/2021\/10\/IMG_3700-300x300.jpg 300w, https:\/\/petitcuenot.fr\/constance\/wp-content\/uploads\/2021\/10\/IMG_3700-150x150.jpg 150w, https:\/\/petitcuenot.fr\/constance\/wp-content\/uploads\/2021\/10\/IMG_3700-768x768.jpg 768w, https:\/\/petitcuenot.fr\/constance\/wp-content\/uploads\/2021\/10\/IMG_3700-1536x1536.jpg 1536w, https:\/\/petitcuenot.fr\/constance\/wp-content\/uploads\/2021\/10\/IMG_3700-2048x2048.jpg 2048w, https:\/\/petitcuenot.fr\/constance\/wp-content\/uploads\/2021\/10\/IMG_3700-100x100.jpg 100w\" sizes=\"(max-width: 288px) 100vw, 288px\" \/><\/figure><\/div>\n\n\n\n<p>L\u2019huile de s\u00e9same indienne est tr\u00e8s p\u00e9n\u00e9trante. Traditionnellement utilis\u00e9e en m\u00e9decine ayurv\u00e9dique, elle est produite \u00e0 partir de graines crues (diff\u00e9rente de celle consomm\u00e9e en cuisine). L&#8217;huile de s\u00e9same riche en omega 6 et 9 en proportion \u00e9quivalente, en vitamine E et sels min\u00e9raux lui conf\u00e8re ses propri\u00e9t\u00e9s assouplissante, antioxydante, r\u00e9g\u00e9n\u00e9rante, nourrissante et apaisante.<\/p>\n\n\n\n<p> <\/p>\n","protected":false},"excerpt":{"rendered":"<p>Les huiles que j&#8217;utilise pour les massages sont d&#8217;origine v\u00e9g\u00e9tale et press\u00e9es \u00e0 froid. L&#8217;huile amande douce est facilement absorb\u00e9e par la peau et convient \u00e0 tous les types de peau, particuli\u00e8rement les peaux sensibles la rendant id\u00e9ale pour les massages. Compos\u00e9e principalement d&#8217;acides gras essentiels (om\u00e9gas 9 et 6), de vitamines (E et A) &hellip; <\/p>\n<p class=\"link-more\"><a href=\"https:\/\/petitcuenot.fr\/constance\/?page_id=53\" class=\"more-link\">Continue reading<span class=\"screen-reader-text\"> &#8220;Les huiles&#8221;<\/span><\/a><\/p>\n","protected":false},"author":1,"featured_media":0,"parent":0,"menu_order":0,"comment_status":"closed","ping_status":"closed","template":"","meta":[],"_links":{"self":[{"href":"https:\/\/petitcuenot.fr\/constance\/index.php?rest_route=\/wp\/v2\/pages\/53"}],"collection":[{"href":"https:\/\/petitcuenot.fr\/constance\/index.php?rest_route=\/wp\/v2\/pages"}],"about":[{"href":"https:\/\/petitcuenot.fr\/constance\/index.php?rest_route=\/wp\/v2\/types\/page"}],"author":[{"embeddable":true,"href":"https:\/\/petitcuenot.fr\/constance\/index.php?rest_route=\/wp\/v2\/users\/1"}],"replies":[{"embeddable":true,"href":"https:\/\/petitcuenot.fr\/constance\/index.php?rest_route=%2Fwp%2Fv2%2Fcomments&post=53"}],"version-history":[{"count":8,"href":"https:\/\/petitcuenot.fr\/constance\/index.php?rest_route=\/wp\/v2\/pages\/53\/revisions"}],"predecessor-version":[{"id":309,"href":"https:\/\/petitcuenot.fr\/constance\/index.php?rest_route=\/wp\/v2\/pages\/53\/revisions\/309"}],"wp:attachment":[{"href":"https:\/\/petitcuenot.fr\/constance\/index.php?rest_route=%2Fwp%2Fv2%2Fmedia&parent=53"}],"curies":[{"name":"wp","href":"https:\/\/api.w.org\/{rel}","templated":true}]}}