{"id":75,"date":"2021-09-11T14:40:09","date_gmt":"2021-09-11T12:40:09","guid":{"rendered":"http:\/\/petitcuenot.fr\/constance\/?page_id=75"},"modified":"2021-11-03T16:38:13","modified_gmt":"2021-11-03T15:38:13","slug":"massage-lomi-lomi-nui","status":"publish","type":"page","link":"https:\/\/petitcuenot.fr\/constance\/?page_id=75","title":{"rendered":"Massage Lomi Lomi Nui"},"content":{"rendered":"\n<figure class=\"wp-block-image size-large\"><img loading=\"lazy\" width=\"1024\" height=\"680\" src=\"https:\/\/petitcuenot.fr\/constance\/wp-content\/uploads\/2021\/11\/IMG_3785-1024x680.jpg\" alt=\"\" class=\"wp-image-323\" srcset=\"https:\/\/petitcuenot.fr\/constance\/wp-content\/uploads\/2021\/11\/IMG_3785-1024x680.jpg 1024w, https:\/\/petitcuenot.fr\/constance\/wp-content\/uploads\/2021\/11\/IMG_3785-300x199.jpg 300w, https:\/\/petitcuenot.fr\/constance\/wp-content\/uploads\/2021\/11\/IMG_3785-768x510.jpg 768w, https:\/\/petitcuenot.fr\/constance\/wp-content\/uploads\/2021\/11\/IMG_3785-1536x1021.jpg 1536w, https:\/\/petitcuenot.fr\/constance\/wp-content\/uploads\/2021\/11\/IMG_3785-2048x1361.jpg 2048w\" sizes=\"(max-width: 767px) 89vw, (max-width: 1000px) 54vw, (max-width: 1071px) 543px, 580px\" \/><\/figure>\n\n\n\n<p>Hawa\u00efen &#8211; Lomi Lomi Nui (1h- 1h 30)&nbsp;<\/p>\n\n\n\n<p>L\u2019augmentation de la circulation sanguine et de son oxyg\u00e9nation.&nbsp;<\/p>\n\n\n\n<p>La souplesse articulaire (lutte contre les rigidit\u00e9s qui peuvent se cr\u00e9er dans les articulations).&nbsp;<\/p>\n\n\n\n<p>Favorise aussi une meilleure posture du corps.&nbsp;<\/p>\n\n\n\n<p>Efficace dans la pr\u00e9vention des troubles articulaires li\u00e9s \u00e0 la vieillesse ou \u00e0 des m\u00e9tiers soit trop intenses physiquement soit pas assez.<\/p>\n\n\n\n<p>Le drainage lymphatique.<\/p>\n\n\n\n<p>R\u00e9duction des gonflements et le poids de ces liquides&nbsp;<\/p>\n\n\n\n<p>\u00e9clats et \u00e9lasticit\u00e9 de la peau.<\/p>\n\n\n\n<p>Aide \u00e0 apaiser angoisses et stress.<\/p>\n\n\n\n<p>Favorise le renforcement de son amour propre, de son \u00e9quilibre \u00e9motionnel et d\u2019une vision du monde plus positive.<\/p>\n\n\n\n<p>La circulation \u00e9nerg\u00e9tique au sein du corps.&nbsp;<\/p>\n\n\n\n<p>La d\u00e9contraction musculaire.<\/p>\n\n\n\n<p>Ingr\u00e9dients :&nbsp;<\/p>\n\n\n\n<p>huile d\u2019amende douce&nbsp;<\/p>\n","protected":false},"excerpt":{"rendered":"<p>Hawa\u00efen &#8211; Lomi Lomi Nui (1h- 1h 30)&nbsp; L\u2019augmentation de la circulation sanguine et de son oxyg\u00e9nation.&nbsp; La souplesse articulaire (lutte contre les rigidit\u00e9s qui peuvent se cr\u00e9er dans les articulations).&nbsp; Favorise aussi une meilleure posture du corps.&nbsp; Efficace dans la pr\u00e9vention des troubles articulaires li\u00e9s \u00e0 la vieillesse ou \u00e0 des m\u00e9tiers soit trop &hellip; <\/p>\n<p class=\"link-more\"><a href=\"https:\/\/petitcuenot.fr\/constance\/?page_id=75\" class=\"more-link\">Continue reading<span class=\"screen-reader-text\"> &#8220;Massage Lomi Lomi Nui&#8221;<\/span><\/a><\/p>\n","protected":false},"author":1,"featured_media":0,"parent":0,"menu_order":0,"comment_status":"closed","ping_status":"closed","template":"","meta":[],"_links":{"self":[{"href":"https:\/\/petitcuenot.fr\/constance\/index.php?rest_route=\/wp\/v2\/pages\/75"}],"collection":[{"href":"https:\/\/petitcuenot.fr\/constance\/index.php?rest_route=\/wp\/v2\/pages"}],"about":[{"href":"https:\/\/petitcuenot.fr\/constance\/index.php?rest_route=\/wp\/v2\/types\/page"}],"author":[{"embeddable":true,"href":"https:\/\/petitcuenot.fr\/constance\/index.php?rest_route=\/wp\/v2\/users\/1"}],"replies":[{"embeddable":true,"href":"https:\/\/petitcuenot.fr\/constance\/index.php?rest_route=%2Fwp%2Fv2%2Fcomments&post=75"}],"version-history":[{"count":4,"href":"https:\/\/petitcuenot.fr\/constance\/index.php?rest_route=\/wp\/v2\/pages\/75\/revisions"}],"predecessor-version":[{"id":324,"href":"https:\/\/petitcuenot.fr\/constance\/index.php?rest_route=\/wp\/v2\/pages\/75\/revisions\/324"}],"wp:attachment":[{"href":"https:\/\/petitcuenot.fr\/constance\/index.php?rest_route=%2Fwp%2Fv2%2Fmedia&parent=75"}],"curies":[{"name":"wp","href":"https:\/\/api.w.org\/{rel}","templated":true}]}}