{"id":76,"date":"2021-09-11T14:40:09","date_gmt":"2021-09-11T12:40:09","guid":{"rendered":"http:\/\/petitcuenot.fr\/constance\/?page_id=76"},"modified":"2021-11-03T16:40:12","modified_gmt":"2021-11-03T15:40:12","slug":"massage-suedois","status":"publish","type":"page","link":"https:\/\/petitcuenot.fr\/constance\/?page_id=76","title":{"rendered":"Massage Su\u00e9dois"},"content":{"rendered":"\n<div class=\"wp-block-image\"><figure class=\"aligncenter size-large\"><img loading=\"lazy\" width=\"1024\" height=\"801\" src=\"http:\/\/petitcuenot.fr\/constance\/wp-content\/uploads\/2021\/10\/IMG_3616-1-1024x801.jpg\" alt=\"\" class=\"wp-image-296\" srcset=\"https:\/\/petitcuenot.fr\/constance\/wp-content\/uploads\/2021\/10\/IMG_3616-1-1024x801.jpg 1024w, https:\/\/petitcuenot.fr\/constance\/wp-content\/uploads\/2021\/10\/IMG_3616-1-300x235.jpg 300w, https:\/\/petitcuenot.fr\/constance\/wp-content\/uploads\/2021\/10\/IMG_3616-1-768x601.jpg 768w, https:\/\/petitcuenot.fr\/constance\/wp-content\/uploads\/2021\/10\/IMG_3616-1-1536x1201.jpg 1536w, https:\/\/petitcuenot.fr\/constance\/wp-content\/uploads\/2021\/10\/IMG_3616-1-2048x1602.jpg 2048w\" sizes=\"(max-width: 767px) 89vw, (max-width: 1000px) 54vw, (max-width: 1071px) 543px, 580px\" \/><\/figure><\/div>\n\n\n\n<p>(1h-1h30 ) :&nbsp;<\/p>\n\n\n\n<p>Bienfaits :\u00a0<\/p>\n\n\n\n<p>Rel\u00e2chement du corps. D\u00e9contraction musculaire.&nbsp;<\/p>\n\n\n\n<p>R\u00e9g\u00e9n\u00e8re et r\u00e9\u00e9quilibre les syst\u00e8mes nerveux et endocrinien.<\/p>\n\n\n\n<p>Tensions, spasmes musculaires et crampes seront fortement att\u00e9nu\u00e9s.&nbsp;<\/p>\n\n\n\n<p>La circulation sanguine et lymphatique stimul\u00e9es.<\/p>\n\n\n\n<p>Active le syst\u00e8me immunitaire et l\u2019\u00e9limination des toxines.<\/p>\n\n\n\n<p>Les \u00e9changes cellulaires et l\u2019oxyg\u00e9nation des tissus favoris\u00e9s.<\/p>\n\n\n\n<p>Peau velout\u00e9e et \u00e9lastique.<\/p>\n\n\n\n<div class=\"wp-block-image\"><figure class=\"aligncenter size-large is-resized\"><img loading=\"lazy\" src=\"https:\/\/petitcuenot.fr\/constance\/wp-content\/uploads\/2021\/11\/IMG_3790-680x1024.jpg\" alt=\"\" class=\"wp-image-325\" width=\"262\" height=\"393\" srcset=\"https:\/\/petitcuenot.fr\/constance\/wp-content\/uploads\/2021\/11\/IMG_3790-199x300.jpg 199w, https:\/\/petitcuenot.fr\/constance\/wp-content\/uploads\/2021\/11\/IMG_3790-768x1156.jpg 768w, https:\/\/petitcuenot.fr\/constance\/wp-content\/uploads\/2021\/11\/IMG_3790-1021x1536.jpg 1021w, https:\/\/petitcuenot.fr\/constance\/wp-content\/uploads\/2021\/11\/IMG_3790-1361x2048.jpg 1361w, https:\/\/petitcuenot.fr\/constance\/wp-content\/uploads\/2021\/11\/IMG_3790-scaled.jpg 1701w\" sizes=\"(max-width: 262px) 100vw, 262px\" \/><\/figure><\/div>\n\n\n\n<p>Ingr\u00e9dients :&nbsp;<\/p>\n\n\n\n<p>l\u2019huile d\u2019amende douce&nbsp;<\/p>\n","protected":false},"excerpt":{"rendered":"<p>(1h-1h30 ) :&nbsp; Bienfaits :\u00a0 Rel\u00e2chement du corps. D\u00e9contraction musculaire.&nbsp; R\u00e9g\u00e9n\u00e8re et r\u00e9\u00e9quilibre les syst\u00e8mes nerveux et endocrinien. Tensions, spasmes musculaires et crampes seront fortement att\u00e9nu\u00e9s.&nbsp; La circulation sanguine et lymphatique stimul\u00e9es. Active le syst\u00e8me immunitaire et l\u2019\u00e9limination des toxines. Les \u00e9changes cellulaires et l\u2019oxyg\u00e9nation des tissus favoris\u00e9s. Peau velout\u00e9e et \u00e9lastique. Ingr\u00e9dients :&nbsp; l\u2019huile &hellip; <\/p>\n<p class=\"link-more\"><a href=\"https:\/\/petitcuenot.fr\/constance\/?page_id=76\" class=\"more-link\">Continue reading<span class=\"screen-reader-text\"> &#8220;Massage Su\u00e9dois&#8221;<\/span><\/a><\/p>\n","protected":false},"author":1,"featured_media":0,"parent":0,"menu_order":0,"comment_status":"closed","ping_status":"closed","template":"","meta":[],"_links":{"self":[{"href":"https:\/\/petitcuenot.fr\/constance\/index.php?rest_route=\/wp\/v2\/pages\/76"}],"collection":[{"href":"https:\/\/petitcuenot.fr\/constance\/index.php?rest_route=\/wp\/v2\/pages"}],"about":[{"href":"https:\/\/petitcuenot.fr\/constance\/index.php?rest_route=\/wp\/v2\/types\/page"}],"author":[{"embeddable":true,"href":"https:\/\/petitcuenot.fr\/constance\/index.php?rest_route=\/wp\/v2\/users\/1"}],"replies":[{"embeddable":true,"href":"https:\/\/petitcuenot.fr\/constance\/index.php?rest_route=%2Fwp%2Fv2%2Fcomments&post=76"}],"version-history":[{"count":5,"href":"https:\/\/petitcuenot.fr\/constance\/index.php?rest_route=\/wp\/v2\/pages\/76\/revisions"}],"predecessor-version":[{"id":326,"href":"https:\/\/petitcuenot.fr\/constance\/index.php?rest_route=\/wp\/v2\/pages\/76\/revisions\/326"}],"wp:attachment":[{"href":"https:\/\/petitcuenot.fr\/constance\/index.php?rest_route=%2Fwp%2Fv2%2Fmedia&parent=76"}],"curies":[{"name":"wp","href":"https:\/\/api.w.org\/{rel}","templated":true}]}}