{"id":77,"date":"2021-09-11T14:40:09","date_gmt":"2021-09-11T12:40:09","guid":{"rendered":"http:\/\/petitcuenot.fr\/constance\/?page_id=77"},"modified":"2021-10-23T19:55:42","modified_gmt":"2021-10-23T17:55:42","slug":"massage-ayurvedique-2","status":"publish","type":"page","link":"https:\/\/petitcuenot.fr\/constance\/?page_id=77","title":{"rendered":"Massage Ayurv\u00e9dique"},"content":{"rendered":"\n<figure class=\"wp-block-image size-large\"><img loading=\"lazy\" width=\"1024\" height=\"680\" src=\"http:\/\/petitcuenot.fr\/constance\/wp-content\/uploads\/2021\/10\/IMG_3626-1-1024x680.jpg\" alt=\"\" class=\"wp-image-299\" srcset=\"https:\/\/petitcuenot.fr\/constance\/wp-content\/uploads\/2021\/10\/IMG_3626-1-1024x680.jpg 1024w, https:\/\/petitcuenot.fr\/constance\/wp-content\/uploads\/2021\/10\/IMG_3626-1-300x199.jpg 300w, https:\/\/petitcuenot.fr\/constance\/wp-content\/uploads\/2021\/10\/IMG_3626-1-768x510.jpg 768w, https:\/\/petitcuenot.fr\/constance\/wp-content\/uploads\/2021\/10\/IMG_3626-1-1536x1021.jpg 1536w, https:\/\/petitcuenot.fr\/constance\/wp-content\/uploads\/2021\/10\/IMG_3626-1-2048x1361.jpg 2048w\" sizes=\"(max-width: 767px) 89vw, (max-width: 1000px) 54vw, (max-width: 1071px) 543px, 580px\" \/><\/figure>\n\n\n\n<p>(1h &#8211; 1h 30) :\u00a0<\/p>\n\n\n\n<p>Le massage ayurv\u00e9dique vient des pratiques de l&#8217;ayurveda, m\u00e9decine traditionnelle indienne vieille de plusieurs milliers d&#8217;ann\u00e9e. Ayurveda signifie science de la vie et s&#8217;appuie sur une vision du corps et de l&#8217;esprit dans son ensemble. <\/p>\n\n\n\n<p>La philosophie ayuv\u00e9dique se fonde sur un mode de vie sain en pr\u00e9vention. Ainsi, c&#8217;est l&#8217;\u00e9tat d&#8217;\u00e9quilibre qui est recherch\u00e9. Celui-ci repose sur l&#8217;\u00e9quilibre des 5 \u00e9l\u00e9ments, air, feu, terre, eau et \u00e9ther qui composent les 3 doshas. Les doshas se composent ainsi de 2 \u00e9l\u00e9ments. On retrouve les Vata (air et \u00e9ther), les Pitta (feu et eau) et les Kapha (terre et eau).   <\/p>\n\n\n\n<p>Ce massage \u00e9nerg\u00e9tique apporte de nombreux bienfaits. Il tonifie les muscles et l&#8217;esprit, apaise les articulations par des mouvements circulaires, ainsi que le syst\u00e8me nerveux. Il favorise un sommeil r\u00e9parateur, l&#8217;endurance. Ce massage est pratiqu\u00e9 \u00e0 l&#8217;huile de s\u00e9same traditionnellement. <\/p>\n","protected":false},"excerpt":{"rendered":"<p>(1h &#8211; 1h 30) :\u00a0 Le massage ayurv\u00e9dique vient des pratiques de l&#8217;ayurveda, m\u00e9decine traditionnelle indienne vieille de plusieurs milliers d&#8217;ann\u00e9e. Ayurveda signifie science de la vie et s&#8217;appuie sur une vision du corps et de l&#8217;esprit dans son ensemble. La philosophie ayuv\u00e9dique se fonde sur un mode de vie sain en pr\u00e9vention. Ainsi, c&#8217;est &hellip; <\/p>\n<p class=\"link-more\"><a href=\"https:\/\/petitcuenot.fr\/constance\/?page_id=77\" class=\"more-link\">Continue reading<span class=\"screen-reader-text\"> &#8220;Massage Ayurv\u00e9dique&#8221;<\/span><\/a><\/p>\n","protected":false},"author":1,"featured_media":0,"parent":0,"menu_order":0,"comment_status":"closed","ping_status":"closed","template":"","meta":[],"_links":{"self":[{"href":"https:\/\/petitcuenot.fr\/constance\/index.php?rest_route=\/wp\/v2\/pages\/77"}],"collection":[{"href":"https:\/\/petitcuenot.fr\/constance\/index.php?rest_route=\/wp\/v2\/pages"}],"about":[{"href":"https:\/\/petitcuenot.fr\/constance\/index.php?rest_route=\/wp\/v2\/types\/page"}],"author":[{"embeddable":true,"href":"https:\/\/petitcuenot.fr\/constance\/index.php?rest_route=\/wp\/v2\/users\/1"}],"replies":[{"embeddable":true,"href":"https:\/\/petitcuenot.fr\/constance\/index.php?rest_route=%2Fwp%2Fv2%2Fcomments&post=77"}],"version-history":[{"count":5,"href":"https:\/\/petitcuenot.fr\/constance\/index.php?rest_route=\/wp\/v2\/pages\/77\/revisions"}],"predecessor-version":[{"id":312,"href":"https:\/\/petitcuenot.fr\/constance\/index.php?rest_route=\/wp\/v2\/pages\/77\/revisions\/312"}],"wp:attachment":[{"href":"https:\/\/petitcuenot.fr\/constance\/index.php?rest_route=%2Fwp%2Fv2%2Fmedia&parent=77"}],"curies":[{"name":"wp","href":"https:\/\/api.w.org\/{rel}","templated":true}]}}