{"id":78,"date":"2021-09-11T14:40:09","date_gmt":"2021-09-11T12:40:09","guid":{"rendered":"http:\/\/petitcuenot.fr\/constance\/?page_id=78"},"modified":"2021-10-17T19:34:35","modified_gmt":"2021-10-17T17:34:35","slug":"massage-lympho-drainant","status":"publish","type":"page","link":"https:\/\/petitcuenot.fr\/constance\/?page_id=78","title":{"rendered":"Massage Lympho-drainant"},"content":{"rendered":"\n<figure class=\"wp-block-image size-large\"><img loading=\"lazy\" width=\"1024\" height=\"680\" src=\"http:\/\/petitcuenot.fr\/constance\/wp-content\/uploads\/2021\/10\/IMG_3658-1024x680.jpg\" alt=\"\" class=\"wp-image-286\" srcset=\"https:\/\/petitcuenot.fr\/constance\/wp-content\/uploads\/2021\/10\/IMG_3658-1024x680.jpg 1024w, https:\/\/petitcuenot.fr\/constance\/wp-content\/uploads\/2021\/10\/IMG_3658-300x199.jpg 300w, https:\/\/petitcuenot.fr\/constance\/wp-content\/uploads\/2021\/10\/IMG_3658-768x510.jpg 768w, https:\/\/petitcuenot.fr\/constance\/wp-content\/uploads\/2021\/10\/IMG_3658-1536x1021.jpg 1536w, https:\/\/petitcuenot.fr\/constance\/wp-content\/uploads\/2021\/10\/IMG_3658-2048x1361.jpg 2048w\" sizes=\"(max-width: 767px) 89vw, (max-width: 1000px) 54vw, (max-width: 1071px) 543px, 580px\" \/><\/figure>\n\n\n\n<p>Le massage lympho-drainant est une invitation \u00e0 la douceur. Sans huile, mes man\u0153uvres sont lentes accompagnant la lymphe dans le syst\u00e8me lymphatique.  Au-del\u00e0 d&#8217;un \u00e9tat de d\u00e9tente qu&#8217;apporte ce massage, celui-ci favorise &#8230;  <\/p>\n\n\n\n<p>(1h &#8211; 1h30) :&nbsp;<\/p>\n\n\n\n<p>Bienfait :&nbsp;<\/p>\n\n\n\n<p>Augmentation de la production de la lymphe.<\/p>\n\n\n\n<p>Stimulation de la r\u00e9ponse immunitaire.<\/p>\n\n\n\n<p>Mise en mouvement de la lymphe&nbsp;<\/p>\n\n\n\n<p>De nombreux aspects esth\u00e9tiques : traitement de la cellulite, sensation de jambes lourdes, acn\u00e9, dermatite periorale, l\u2019\u00e9ryth\u00e8me facial, la pr\u00e9vention des cicatrices notamment en pr\u00e9 et post op\u00e9ratoire<\/p>\n\n\n\n<p>Ingredients :&nbsp;<\/p>\n\n\n\n<p>Aucun&nbsp;<\/p>\n","protected":false},"excerpt":{"rendered":"<p>Le massage lympho-drainant est une invitation \u00e0 la douceur. Sans huile, mes man\u0153uvres sont lentes accompagnant la lymphe dans le syst\u00e8me lymphatique. Au-del\u00e0 d&#8217;un \u00e9tat de d\u00e9tente qu&#8217;apporte ce massage, celui-ci favorise &#8230; (1h &#8211; 1h30) :&nbsp; Bienfait :&nbsp; Augmentation de la production de la lymphe. Stimulation de la r\u00e9ponse immunitaire. Mise en mouvement de &hellip; <\/p>\n<p class=\"link-more\"><a href=\"https:\/\/petitcuenot.fr\/constance\/?page_id=78\" class=\"more-link\">Continue reading<span class=\"screen-reader-text\"> &#8220;Massage Lympho-drainant&#8221;<\/span><\/a><\/p>\n","protected":false},"author":1,"featured_media":0,"parent":0,"menu_order":0,"comment_status":"closed","ping_status":"closed","template":"","meta":[],"_links":{"self":[{"href":"https:\/\/petitcuenot.fr\/constance\/index.php?rest_route=\/wp\/v2\/pages\/78"}],"collection":[{"href":"https:\/\/petitcuenot.fr\/constance\/index.php?rest_route=\/wp\/v2\/pages"}],"about":[{"href":"https:\/\/petitcuenot.fr\/constance\/index.php?rest_route=\/wp\/v2\/types\/page"}],"author":[{"embeddable":true,"href":"https:\/\/petitcuenot.fr\/constance\/index.php?rest_route=\/wp\/v2\/users\/1"}],"replies":[{"embeddable":true,"href":"https:\/\/petitcuenot.fr\/constance\/index.php?rest_route=%2Fwp%2Fv2%2Fcomments&post=78"}],"version-history":[{"count":4,"href":"https:\/\/petitcuenot.fr\/constance\/index.php?rest_route=\/wp\/v2\/pages\/78\/revisions"}],"predecessor-version":[{"id":287,"href":"https:\/\/petitcuenot.fr\/constance\/index.php?rest_route=\/wp\/v2\/pages\/78\/revisions\/287"}],"wp:attachment":[{"href":"https:\/\/petitcuenot.fr\/constance\/index.php?rest_route=%2Fwp%2Fv2%2Fmedia&parent=78"}],"curies":[{"name":"wp","href":"https:\/\/api.w.org\/{rel}","templated":true}]}}