{"id":79,"date":"2021-09-11T14:40:10","date_gmt":"2021-09-11T12:40:10","guid":{"rendered":"http:\/\/petitcuenot.fr\/constance\/?page_id=79"},"modified":"2021-11-03T16:37:11","modified_gmt":"2021-11-03T15:37:11","slug":"massage-termale-italien","status":"publish","type":"page","link":"https:\/\/petitcuenot.fr\/constance\/?page_id=79","title":{"rendered":"Massage Termale Italien"},"content":{"rendered":"\n<p>En exclusivit\u00e9 \u00e0 domicile, le massage termale italien nous plonge dans l\u2019univers des thermes de la Rome Antique. Les manoeuvres et les ingr\u00e9dients en font un massage relaxant et \u00e9tonnant offrant un soin \u00e0 la peau unique. Id\u00e9al avant et apr\u00e8s l\u2019\u00e9t\u00e9 ou pour prolonger le bronzage ou redonner de l\u2019\u00e9clat aux tatouages, les mouvements effectu\u00e9s vont nettoyer, exfolier, nourrir, d\u00e9capitonner et hydrater la peau.<\/p>\n\n\n\n<figure class=\"wp-block-image size-large\"><img loading=\"lazy\" width=\"1024\" height=\"680\" src=\"http:\/\/petitcuenot.fr\/constance\/wp-content\/uploads\/2021\/10\/IMG_3604-1-1024x680.jpg\" alt=\"\" class=\"wp-image-257\" srcset=\"https:\/\/petitcuenot.fr\/constance\/wp-content\/uploads\/2021\/10\/IMG_3604-1-1024x680.jpg 1024w, https:\/\/petitcuenot.fr\/constance\/wp-content\/uploads\/2021\/10\/IMG_3604-1-300x199.jpg 300w, https:\/\/petitcuenot.fr\/constance\/wp-content\/uploads\/2021\/10\/IMG_3604-1-768x510.jpg 768w, https:\/\/petitcuenot.fr\/constance\/wp-content\/uploads\/2021\/10\/IMG_3604-1-1536x1021.jpg 1536w, https:\/\/petitcuenot.fr\/constance\/wp-content\/uploads\/2021\/10\/IMG_3604-1-2048x1361.jpg 2048w\" sizes=\"(max-width: 767px) 89vw, (max-width: 1000px) 54vw, (max-width: 1071px) 543px, 580px\" \/><\/figure>\n\n\n\n<p><strong>Le thermal Italien<\/strong><\/p>\n\n\n\n<p class=\"has-drop-cap\">En l\u2019an 27 av J-C. un jeune couple de romain vivaient leur histoire dans la ville de Rome. A cette \u00e9poque, les romains us\u00e8rent de leur talent d\u2019architecture et d\u2019ing\u00e9nierie pour construire des bains publics. Les deux \u00e9poux en devinrent tr\u00e8s vite des habitu\u00e9s. Tandis que les portes \u00e9taient ouvertes aux femmes le matin, les hommes eux, b\u00e9n\u00e9ficiaient de l\u2019apr\u00e8s-midi et de la soir\u00e9e. Ainsi, apr\u00e8s une matin\u00e9e de travail, ils se rendaient aux bains, suivaient le rituel et retrouvaient leurs amis dans les jardins ou aux spectacles pour prolonger la s\u00e9ance. Une n\u00e9cessit\u00e9 pour les deux conjoints qui prirent le temps de s\u2019\u00e9couter eux-m\u00eames avant de pouvoir partager leur bien-\u00eatre.\u00a0<\/p>\n\n\n\n<p><em>Mens sana in corpore sano :<\/em>&nbsp;un esprit sain dans un&nbsp;corps sain.<\/p>\n\n\n\n<p>Les bains romains et les odeurs, les vapeurs et les massages, Tout ceci inscrit dans une tradition de la Rome Antique \u00e0 base de riz, de miel, de gingembre, d\u2019Aloe Vera et d\u2019huile d\u2019amende douce.\u00a0<\/p>\n\n\n\n<div class=\"wp-block-image\"><figure class=\"aligncenter size-large is-resized\"><img loading=\"lazy\" src=\"https:\/\/petitcuenot.fr\/constance\/wp-content\/uploads\/2021\/11\/IMG_3629-1024x680.jpg\" alt=\"\" class=\"wp-image-321\" width=\"387\" height=\"256\" srcset=\"https:\/\/petitcuenot.fr\/constance\/wp-content\/uploads\/2021\/11\/IMG_3629-1024x680.jpg 1024w, https:\/\/petitcuenot.fr\/constance\/wp-content\/uploads\/2021\/11\/IMG_3629-300x199.jpg 300w, https:\/\/petitcuenot.fr\/constance\/wp-content\/uploads\/2021\/11\/IMG_3629-768x510.jpg 768w, https:\/\/petitcuenot.fr\/constance\/wp-content\/uploads\/2021\/11\/IMG_3629-1536x1021.jpg 1536w, https:\/\/petitcuenot.fr\/constance\/wp-content\/uploads\/2021\/11\/IMG_3629-2048x1361.jpg 2048w\" sizes=\"(max-width: 387px) 100vw, 387px\" \/><\/figure><\/div>\n\n\n\n<p>Ce rituel ancestral de beaut\u00e9 a voyag\u00e9 \u00e0 travers les si\u00e8cles pour venir gommer, lisser, raffermir et illuminer votre peau. Apportant souplesse et douceur des pieds aux \u00e9paules dans un moment de pure d\u00e9tente.<\/p>\n","protected":false},"excerpt":{"rendered":"<p>En exclusivit\u00e9 \u00e0 domicile, le massage termale italien nous plonge dans l\u2019univers des thermes de la Rome Antique. Les manoeuvres et les ingr\u00e9dients en font un massage relaxant et \u00e9tonnant offrant un soin \u00e0 la peau unique. Id\u00e9al avant et apr\u00e8s l\u2019\u00e9t\u00e9 ou pour prolonger le bronzage ou redonner de l\u2019\u00e9clat aux tatouages, les mouvements &hellip; <\/p>\n<p class=\"link-more\"><a href=\"https:\/\/petitcuenot.fr\/constance\/?page_id=79\" class=\"more-link\">Continue reading<span class=\"screen-reader-text\"> &#8220;Massage Termale Italien&#8221;<\/span><\/a><\/p>\n","protected":false},"author":1,"featured_media":0,"parent":0,"menu_order":0,"comment_status":"closed","ping_status":"closed","template":"","meta":[],"_links":{"self":[{"href":"https:\/\/petitcuenot.fr\/constance\/index.php?rest_route=\/wp\/v2\/pages\/79"}],"collection":[{"href":"https:\/\/petitcuenot.fr\/constance\/index.php?rest_route=\/wp\/v2\/pages"}],"about":[{"href":"https:\/\/petitcuenot.fr\/constance\/index.php?rest_route=\/wp\/v2\/types\/page"}],"author":[{"embeddable":true,"href":"https:\/\/petitcuenot.fr\/constance\/index.php?rest_route=\/wp\/v2\/users\/1"}],"replies":[{"embeddable":true,"href":"https:\/\/petitcuenot.fr\/constance\/index.php?rest_route=%2Fwp%2Fv2%2Fcomments&post=79"}],"version-history":[{"count":7,"href":"https:\/\/petitcuenot.fr\/constance\/index.php?rest_route=\/wp\/v2\/pages\/79\/revisions"}],"predecessor-version":[{"id":322,"href":"https:\/\/petitcuenot.fr\/constance\/index.php?rest_route=\/wp\/v2\/pages\/79\/revisions\/322"}],"wp:attachment":[{"href":"https:\/\/petitcuenot.fr\/constance\/index.php?rest_route=%2Fwp%2Fv2%2Fmedia&parent=79"}],"curies":[{"name":"wp","href":"https:\/\/api.w.org\/{rel}","templated":true}]}}